{"id":12,"date":"2012-06-26T13:59:00","date_gmt":"2012-06-26T11:59:00","guid":{"rendered":"http:\/\/localhost\/bluemel.de\/wordpress\/?page_id=12"},"modified":"2023-07-20T09:27:41","modified_gmt":"2023-07-20T07:27:41","slug":"leistungen","status":"publish","type":"page","link":"https:\/\/www.orthopaedie-bluemel.de\/de\/leistungen","title":{"rendered":"Leistungen"},"content":{"rendered":"<h3>Leistungen<\/h3>\n<p>Hier k\u00f6nnen Sie sich einen \u00dcberblick \u00fcber unser Leistungsangebot machen, so bieten wir Ihnen unter anderem:<\/p>\n<div class=\"one_half\">\n<h4>Diabetiker-\/Rheumatikerversorgung:<\/h4>\n<ul>\n<li>Diabetesadaptierte Fu\u00dfbettung<\/li>\n<li>Konfektionierte Diabetiker- und Rheumatikerschuhe der Firmen Ganter, Schein und Thanner<\/li>\n<li>Orthop\u00e4dische Diabetikerma\u00dfschuhe<\/li>\n<\/ul>\n<div class=\"hr hr-dotted\">&nbsp;<\/div>\n<h4>Schuhverkauf:<\/h4>\n<p>Wir bieten bequeme und fu\u00dfgerechte Schuhe mit Fu\u00dfbett und f\u00fcr lose Einlagen folgender Hersteller an:<\/p>\n<ul>\n<li>Ganter<\/li>\n<li>Berkemann<\/li>\n<li>Solidus<\/li>\n<li>Waldl\u00e4ufer<\/li>\n<li>Hickersberger<\/li>\n<\/ul>\n<\/div>\n<div class=\"one_half\">\n<h4>Schuhzurichtungen<\/h4>\n<ul>\n<li>Schmetterlingsrollen mit Weichbettung (f\u00fcr Mittelfu\u00dfbeschwerden)<\/li>\n<li>Schuherh\u00f6hung bzw. Absatzerh\u00f6hung (Beckenschiefstand)<\/li>\n<li>Pufferabs\u00e4tze (Bandscheibenbeschwerden)<\/li>\n<li>Rigidusrollen (Gro\u00dfzehenversteifung)<\/li>\n<\/ul>\n<div class=\"hr hr-dotted\">&nbsp;<\/div>\n<h4>Einlagenkonzept Fuss<span class=\"h3_grey\">alis<sup>\u00ae<\/sup><\/span><\/h4>\n<p>Das <a href=\"einlagenkonzept\">Einlagenkonzept<\/a> von Bl\u00fcmel.<br \/>\n<a href=\"einlagenkonzept\">Hier erfahren Sie mehr \u00bb<\/a><br \/>\n<div class=\"hr hr-dotted\">&nbsp;<\/div>\n<h4>Bandagen:<\/h4>\n<p>Wir f\u00fchren MalleoTrain und GenuTrain Bandagen der Firma Bauerfeind<br \/>\n<div class=\"hr hr-dotted\">&nbsp;<\/div>\n<h4>Orthop\u00e4dische Ma\u00dfschuhe:<\/h4>\n<p>N\u00e4here Informationen erhalten Sie telefonisch oder im Gesch\u00e4ft<br \/>\n<div class=\"hr hr-dotted\">&nbsp;<\/div>\n<h4>Schuhreparaturen:<\/h4>\n<p>Ausf\u00fchrung hochwertiger Schuhreparaturen aller Art, N\u00e4harbeiten an Taschen und Koffern (nur nach R\u00fccksprache mit Werkstatt m\u00f6glich)<br \/>\n<\/div>\n<div class=\"hr hr-dotted-double\">&nbsp;<\/div>\n<div class=\"topofpage\"><a class=\"link-top\" href=\"#\">Top<\/a> <a class=\"printbtn\" href=\"javascript:window.print()\">Click to Print This Page<\/a><\/div>\n","protected":false},"excerpt":{"rendered":"<p>Leistungen Hier k\u00f6nnen Sie sich einen \u00dcberblick \u00fcber unser Leistungsangebot machen, so bieten wir Ihnen unter anderem: Top Click to Print This Page<\/p>\n","protected":false},"author":1,"featured_media":0,"parent":0,"menu_order":0,"comment_status":"open","ping_status":"closed","template":"","meta":[],"_links":{"self":[{"href":"https:\/\/www.orthopaedie-bluemel.de\/de\/wp-json\/wp\/v2\/pages\/12"}],"collection":[{"href":"https:\/\/www.orthopaedie-bluemel.de\/de\/wp-json\/wp\/v2\/pages"}],"about":[{"href":"https:\/\/www.orthopaedie-bluemel.de\/de\/wp-json\/wp\/v2\/types\/page"}],"author":[{"embeddable":true,"href":"https:\/\/www.orthopaedie-bluemel.de\/de\/wp-json\/wp\/v2\/users\/1"}],"replies":[{"embeddable":true,"href":"https:\/\/www.orthopaedie-bluemel.de\/de\/wp-json\/wp\/v2\/comments?post=12"}],"version-history":[{"count":23,"href":"https:\/\/www.orthopaedie-bluemel.de\/de\/wp-json\/wp\/v2\/pages\/12\/revisions"}],"predecessor-version":[{"id":1059,"href":"https:\/\/www.orthopaedie-bluemel.de\/de\/wp-json\/wp\/v2\/pages\/12\/revisions\/1059"}],"wp:attachment":[{"href":"https:\/\/www.orthopaedie-bluemel.de\/de\/wp-json\/wp\/v2\/media?parent=12"}],"curies":[{"name":"wp","href":"https:\/\/api.w.org\/{rel}","templated":true}]}}