{"id":14,"date":"2012-06-26T13:59:14","date_gmt":"2012-06-26T11:59:14","guid":{"rendered":"http:\/\/localhost\/bluemel.de\/wordpress\/?page_id=14"},"modified":"2018-10-23T11:22:20","modified_gmt":"2018-10-23T09:22:20","slug":"einlagenkonzept","status":"publish","type":"page","link":"https:\/\/www.orthopaedie-bluemel.de\/de\/einlagenkonzept","title":{"rendered":"Einlagenkonzept"},"content":{"rendered":"<h3>Das Fuss<span class=\"h3_grey\">alis<sup>\u00ae<\/sup><\/span> Einlagenkonzept: Gl\u00fccksgef\u00fchle f\u00fcr Ihre F\u00fc\u00dfe<\/h3>\n<p>Um die Qualit\u00e4t unserer Einlagenversorgung zu optimieren, setzen wir modernste Technologien ein. Mit dem elektronischen Fu\u00dfabdruck erscheinen die Werte direkt auf dem Computer und Problemzonen am Fu\u00df k\u00f6nnen aus verschiedenen Perspektiven analysiert werden.<\/p>\n<p>Im Anschluss informieren wir Sie \u00fcber die M\u00f6glichkeiten der Versorgung mit unseren Einlagen. Unser kompetentes Team hilft Ihnen gerne bei allen Fragen rund um unser Fussalis\u00ae Einlagenkonzept.<br \/>\n<div class=\"hr hr-dotted-double\">&nbsp;<\/div>\n<h4>Besondere Vorteile der Fuss<span class=\"h3_grey\">alis<sup>\u00ae<\/sup><\/span>-Aktiveinlagen<\/h4>\n<p><img decoding=\"async\" loading=\"lazy\" class=\"alignnone size-full wp-image-764\" title=\"Einlagenskizze\" src=\"https:\/\/orthopaedie-bluemel.de\/de\/wp-content\/uploads\/Einlagenskizze.jpg\" alt=\"\" width=\"670\" height=\"560\" \/><br \/>\n<div class=\"hr hr-dotted-double\">&nbsp;<\/div>\n<h4>Zus\u00e4tze der Fuss<span class=\"h3_grey\">alis<sup>\u00ae<\/sup><\/span>-Aktiveinlagen<\/h4>\n<ul>\n<li>Extra Fresend\u00e4mpfung<\/li>\n<li>Fersenspornhohllegung<\/li>\n<li>Erh\u00f6hung im Fersenbereich zur Entlastung der Achillessehne<\/li>\n<li>Au\u00dfen\/Innenrand bei Knieproblemen<\/li>\n<li>Beckenschiefstandsausgleich<\/li>\n<\/ul>\n<div class=\"hr hr-dotted-double\">&nbsp;<\/div>\n<h4>Einlagenversorgung mit System<\/h4>\n<p>Entgegen der herk\u00f6mmlichen Einlagenversorgung durch die meisten Orthop\u00e4die-Schuhtechniker erhalten Sie bei der Wahl einer Fussalis \u00ae Aktiv-Einlage (AktivStandard, AktivSoft oder AktivFlex) eine besondere Art der Versorgung:<\/p>\n<p>Ohne Zuhilfenahme von Vorlagen oder Mustern, wie in der Orthop\u00e4die-Schuhtechnik \u00fcblich, werden die Einlagen nach gr\u00fcndlicher Analyse vollkommen individuell gefertigt. Somit ist nicht nur ein hoher Tragekomfort gew\u00e4hrleistet, sondern auch die optimale orthop\u00e4dische Versorgung Ihrer F\u00fc\u00dfe.<br \/>\n<div class=\"hr hr-dotted-double\">&nbsp;<\/div>\n<h4>F\u00fcr Belastbarkeit bis ins hohe Alter!<\/h4>\n<p>Gerne informieren wir Sie \u00fcber weitere Vorteile der Fussalis\u00ae Einlagen bei einer individuellen Beratung:<\/p>\n<ul>\n<li>Korrektur bzw. Optimierung der K\u00f6rperstatik<\/li>\n<li>Linderung haltungsbedingter Beschwerden<\/li>\n<li>Reduzierung von Muskelverspannungen, Vorbeugung von Sch\u00e4den und Fehlhaltungen<\/li>\n<li>Verbesserung von Bewegungsabl\u00e4ufen im Alltag, Beruf und Sport durch eine optimierte K\u00f6rperstatik<\/li>\n<li>Mehr Energie f\u00fcr Sport und Bewegung<\/li>\n<\/ul>\n<p>Ein <a title=\"Kontakt\" href=\"http:\/\/orthopaedie-bluemel.de\/de\/kontakt\" target=\"_blank\">Anruf<\/a> gen\u00fcgt!<\/p>\n<div class=\"hr hr-dotted-double\">&nbsp;<\/div>\n<div class=\"topofpage\"><a class=\"link-top\" href=\"#\">Top<\/a> <a class=\"printbtn\" href=\"javascript:window.print()\">Click to Print This Page<\/a><\/div>\n","protected":false},"excerpt":{"rendered":"<p>Das Fussalis\u00ae Einlagenkonzept: Gl\u00fccksgef\u00fchle f\u00fcr Ihre F\u00fc\u00dfe Um die Qualit\u00e4t unserer Einlagenversorgung zu optimieren, setzen wir modernste Technologien ein. Mit dem elektronischen Fu\u00dfabdruck erscheinen die Werte direkt auf dem Computer und Problemzonen am Fu\u00df k\u00f6nnen aus verschiedenen Perspektiven analysiert werden. Im Anschluss informieren wir Sie \u00fcber die M\u00f6glichkeiten der Versorgung mit unseren Einlagen. Unser kompetentes [&hellip;]<\/p>\n","protected":false},"author":1,"featured_media":0,"parent":0,"menu_order":0,"comment_status":"open","ping_status":"closed","template":"page-template-left-nav.php","meta":[],"_links":{"self":[{"href":"https:\/\/www.orthopaedie-bluemel.de\/de\/wp-json\/wp\/v2\/pages\/14"}],"collection":[{"href":"https:\/\/www.orthopaedie-bluemel.de\/de\/wp-json\/wp\/v2\/pages"}],"about":[{"href":"https:\/\/www.orthopaedie-bluemel.de\/de\/wp-json\/wp\/v2\/types\/page"}],"author":[{"embeddable":true,"href":"https:\/\/www.orthopaedie-bluemel.de\/de\/wp-json\/wp\/v2\/users\/1"}],"replies":[{"embeddable":true,"href":"https:\/\/www.orthopaedie-bluemel.de\/de\/wp-json\/wp\/v2\/comments?post=14"}],"version-history":[{"count":19,"href":"https:\/\/www.orthopaedie-bluemel.de\/de\/wp-json\/wp\/v2\/pages\/14\/revisions"}],"predecessor-version":[{"id":910,"href":"https:\/\/www.orthopaedie-bluemel.de\/de\/wp-json\/wp\/v2\/pages\/14\/revisions\/910"}],"wp:attachment":[{"href":"https:\/\/www.orthopaedie-bluemel.de\/de\/wp-json\/wp\/v2\/media?parent=14"}],"curies":[{"name":"wp","href":"https:\/\/api.w.org\/{rel}","templated":true}]}}