{"id":315,"date":"2012-07-09T12:04:40","date_gmt":"2012-07-09T10:04:40","guid":{"rendered":"http:\/\/orthopaedie-bluemel.de\/de\/?page_id=315"},"modified":"2023-07-19T13:20:23","modified_gmt":"2023-07-19T11:20:23","slug":"team","status":"publish","type":"page","link":"https:\/\/www.orthopaedie-bluemel.de\/de\/uber-uns\/team","title":{"rendered":"Team"},"content":{"rendered":"<h3>Unser Team:<\/h3>\n<div class=\"one_half\">\n<h3>Gesch\u00e4ftsf\u00fchrung:<\/h3>\n<div class=\"img-frame full-fourth-portrait\"><img src=\"https:\/\/www.orthopaedie-bluemel.de\/de\/wp-content\/uploads\/peter_bluemel_portrait_neu-183x276.jpg\" alt=\"\" width=\"183\" height=\"276\"\/><\/div>\n<h5>Peter Bl\u00fcmel<\/h5>\n<p>Orthop\u00e4dieschuhmachermeister<\/p>\n<p>&#8222;Sie haben Fu\u00dfprobleme? Bei uns sind Sie genau richtig, wir helfen Ihnen gerne bei allen Fragen, Problemen und \u00c4ngsten rund um den Fu\u00df.&#8220;<br \/>\n<\/div>\n<div class=\"one_half\">\n<\/div>\n<div class=\"column-clear\">&nbsp;<\/div>\n<div class=\"hr hr-dotted-double\">&nbsp;<\/div>\n<h3>Orthop\u00e4dieschuhtechnik:<\/h3>\n<div class=\"one_half\">\n<div class=\"img-frame full-fourth-portrait\"><img src=\"https:\/\/www.orthopaedie-bluemel.de\/de\/wp-content\/uploads\/Swoboda_Steffen140812_4-004bea-183x276.jpg\" alt=\"\" width=\"183\" height=\"276\"\/><\/div>\n<h5>Herr Swoboda<\/h5>\n<p>Zust\u00e4ndig f\u00fcr das Anmessen und die Fertigung von <strong><span style=\"color: #297372\">Fuss<\/span>alis<sup>\u00ae<\/sup><\/strong>-Einlagen und Kundenberatung bei Fu\u00dfproblemen.<\/p>\n<p>&#8222;In unserem Haus der Fu\u00dfgesundheit sind Sie immer herzlich willkommen!&#8220;<\/p>\n<div class=\"hr hr-dotted-single\">&nbsp;<\/div>\n<\/div>\n<div class=\"column-clear\">&nbsp;<\/div>\n<div class=\"one_half\">\n<div class=\"img-frame full-fourth-portrait\"><img src=\"https:\/\/www.orthopaedie-bluemel.de\/de\/wp-content\/uploads\/Skop_Oliver140812_3-003bea-183x276.jpg\" alt=\"\" width=\"183\" height=\"276\"\/><\/div>\n<h5>Herr Skop<\/h5>\n<p>Zust\u00e4ndig f\u00fcr Zurichtungen, Schuhreparaturen und Einlagenbau in der Werkstatt.<\/p>\n<p>&#8222;Es gibt immer einen Weg. Wir helfen Ihnen dabei, ihn unbeschwert zu gehen.&#8220;<br \/>\n<\/div>\n<p>&nbsp;<\/p>\n<div class=\"topofpage\"><a class=\"link-top\" href=\"#\">Top<\/a> <a class=\"printbtn\" href=\"window.print()\">Click to Print This Page<\/a><\/div>\n","protected":false},"excerpt":{"rendered":"<p>Unser Team: Orthop\u00e4dieschuhtechnik: &nbsp; Top Click to Print This Page<\/p>\n","protected":false},"author":1,"featured_media":0,"parent":18,"menu_order":0,"comment_status":"open","ping_status":"closed","template":"page-template-left-nav.php","meta":[],"_links":{"self":[{"href":"https:\/\/www.orthopaedie-bluemel.de\/de\/wp-json\/wp\/v2\/pages\/315"}],"collection":[{"href":"https:\/\/www.orthopaedie-bluemel.de\/de\/wp-json\/wp\/v2\/pages"}],"about":[{"href":"https:\/\/www.orthopaedie-bluemel.de\/de\/wp-json\/wp\/v2\/types\/page"}],"author":[{"embeddable":true,"href":"https:\/\/www.orthopaedie-bluemel.de\/de\/wp-json\/wp\/v2\/users\/1"}],"replies":[{"embeddable":true,"href":"https:\/\/www.orthopaedie-bluemel.de\/de\/wp-json\/wp\/v2\/comments?post=315"}],"version-history":[{"count":60,"href":"https:\/\/www.orthopaedie-bluemel.de\/de\/wp-json\/wp\/v2\/pages\/315\/revisions"}],"predecessor-version":[{"id":1048,"href":"https:\/\/www.orthopaedie-bluemel.de\/de\/wp-json\/wp\/v2\/pages\/315\/revisions\/1048"}],"up":[{"embeddable":true,"href":"https:\/\/www.orthopaedie-bluemel.de\/de\/wp-json\/wp\/v2\/pages\/18"}],"wp:attachment":[{"href":"https:\/\/www.orthopaedie-bluemel.de\/de\/wp-json\/wp\/v2\/media?parent=315"}],"curies":[{"name":"wp","href":"https:\/\/api.w.org\/{rel}","templated":true}]}}