{"id":318,"date":"2012-07-09T12:07:30","date_gmt":"2012-07-09T10:07:30","guid":{"rendered":"http:\/\/orthopaedie-bluemel.de\/de\/?page_id=318"},"modified":"2017-02-24T11:29:08","modified_gmt":"2017-02-24T09:29:08","slug":"geschichte","status":"publish","type":"page","link":"https:\/\/www.orthopaedie-bluemel.de\/de\/uber-uns\/geschichte","title":{"rendered":"Geschichte"},"content":{"rendered":"<h3>Firmengeschichte:<\/h3>\n<h4>1959<\/h4>\n<p>\u00dcbernahme der Orthop\u00e4dieschuhmacherei von Otto Schauer in der Dominikanergasse durch meinen Vater, Hans Bl\u00fcmel<\/p>\n<h4>1969<\/h4>\n<p>Umzug in die Augustinerstra\u00dfe 12 mit Er\u00f6ffnung eines Bequemschuhhandels<\/p>\n<h4>1977<\/h4>\n<p>Tod des Firmengr\u00fcnders Hans Bl\u00fcmel, Weiterf\u00fchrung des Betriebs durch meine Mutter, Inge Bl\u00fcmel<\/p>\n<h4>1979<\/h4>\n<p>Walter R\u00fcths erfoglreiche Absolvierung der Meisterpr\u00fcfung zum Orthop\u00e4die-Schuhtechniker<\/p>\n<h4>1982<\/h4>\n<p>Beginn meiner (Peter Bl\u00fcmels) Ausbildung zum Orthop\u00e4die-Schuhtechniker im elterlichen Betrieb<\/p>\n<h4>1991<\/h4>\n<p>Meisterpr\u00fcfung zum Orthop\u00e4die-Schuhtechniker<\/p>\n<h4>1999<\/h4>\n<p>\u00dcbernahme des Betriebs von meiner Mutter<\/p>\n<h4>2000<\/h4>\n<p>Zertifikat f\u00fcr Orthop\u00e4dieschuhtechnische Versorgung des diabetischen Fu\u00dfes<\/p>\n<h4>2007<\/h4>\n<p>Einf\u00fchrung des Einlagenkonzepts Fussalis \u00a9<\/p>\n<h4>2008<\/h4>\n<p>Einf\u00fchrung\u00a0 von Qualit\u00e4tsmanagementsystem ISO 9001, Anforderung von Umweltmanagementsystem und Medizinprodukte Qualit\u00e4tsmanagementsystem<\/p>\n<h4>2011<\/h4>\n<p>Fortbildung Diabetiker-Seminar<\/p>\n<div class=\"hr hr-dotted-double\">&nbsp;<\/div>\n<div class=\"topofpage\"><a class=\"link-top\" href=\"#\">Top<\/a> <a class=\"printbtn\" href=\"javascript:window.print()\">Click to Print This Page<\/a><\/div>\n","protected":false},"excerpt":{"rendered":"<p>Firmengeschichte: 1959 \u00dcbernahme der Orthop\u00e4dieschuhmacherei von Otto Schauer in der Dominikanergasse durch meinen Vater, Hans Bl\u00fcmel 1969 Umzug in die Augustinerstra\u00dfe 12 mit Er\u00f6ffnung eines Bequemschuhhandels 1977 Tod des Firmengr\u00fcnders Hans Bl\u00fcmel, Weiterf\u00fchrung des Betriebs durch meine Mutter, Inge Bl\u00fcmel 1979 Walter R\u00fcths erfoglreiche Absolvierung der Meisterpr\u00fcfung zum Orthop\u00e4die-Schuhtechniker 1982 Beginn meiner (Peter Bl\u00fcmels) Ausbildung [&hellip;]<\/p>\n","protected":false},"author":1,"featured_media":0,"parent":18,"menu_order":0,"comment_status":"open","ping_status":"closed","template":"page-template-left-nav.php","meta":[],"_links":{"self":[{"href":"https:\/\/www.orthopaedie-bluemel.de\/de\/wp-json\/wp\/v2\/pages\/318"}],"collection":[{"href":"https:\/\/www.orthopaedie-bluemel.de\/de\/wp-json\/wp\/v2\/pages"}],"about":[{"href":"https:\/\/www.orthopaedie-bluemel.de\/de\/wp-json\/wp\/v2\/types\/page"}],"author":[{"embeddable":true,"href":"https:\/\/www.orthopaedie-bluemel.de\/de\/wp-json\/wp\/v2\/users\/1"}],"replies":[{"embeddable":true,"href":"https:\/\/www.orthopaedie-bluemel.de\/de\/wp-json\/wp\/v2\/comments?post=318"}],"version-history":[{"count":10,"href":"https:\/\/www.orthopaedie-bluemel.de\/de\/wp-json\/wp\/v2\/pages\/318\/revisions"}],"predecessor-version":[{"id":861,"href":"https:\/\/www.orthopaedie-bluemel.de\/de\/wp-json\/wp\/v2\/pages\/318\/revisions\/861"}],"up":[{"embeddable":true,"href":"https:\/\/www.orthopaedie-bluemel.de\/de\/wp-json\/wp\/v2\/pages\/18"}],"wp:attachment":[{"href":"https:\/\/www.orthopaedie-bluemel.de\/de\/wp-json\/wp\/v2\/media?parent=318"}],"curies":[{"name":"wp","href":"https:\/\/api.w.org\/{rel}","templated":true}]}}