{"id":320,"date":"2012-07-09T12:08:10","date_gmt":"2012-07-09T10:08:10","guid":{"rendered":"http:\/\/orthopaedie-bluemel.de\/de\/?page_id=320"},"modified":"2017-02-24T12:13:02","modified_gmt":"2017-02-24T10:13:02","slug":"leitbild","status":"publish","type":"page","link":"https:\/\/www.orthopaedie-bluemel.de\/de\/uber-uns\/leitbild","title":{"rendered":"Leitbild"},"content":{"rendered":"<h3>Leitbild:<\/h3>\n<p>Um unserem Qualit\u00e4tsstandard jeden Tag gerecht zu werden, richtet sich unsere Arbeit stets nach den folgenden Punkten aus:<\/p>\n<p>Unser Ziel ist es, zufriedene Kunden zu gewinnen und zu erhalten durch bestm\u00f6gliche handwerkliche Ausf\u00fchrungen unserer Produkte.<\/p>\n<p>Wir produzieren und vertreiben hochwertige Gesundheitsprodukte und vermarkten unser eigenes Fussalis- Einlagenkonzept, das durch Weiterentwicklung immer auf dem neuesten Stand gehalten wird.<\/p>\n<p>Wir sind Fachleute und qualifizierte Ansprechpartner f\u00fcr \u00c4rzte und unsere Kunden sowie Leistungstr\u00e4ger im Gesundheitswesen.<\/p>\n<p>Wir analysieren den lokalen Markt, kennen unsere Zielgruppen und sprechen sie gezielt an.<\/p>\n<p>Wir sorgen in unserem Betrieb f\u00fcr ein ansprechendes und kundengerechtes Ambiente.<\/p>\n<p>Wir verpflichten uns, die Umweltgesetze einzuhalten und die Umweltleistungen zu verbessern.<\/p>\n<div class=\"hr hr-dotted-double\">&nbsp;<\/div>\n<div class=\"topofpage\"><a class=\"link-top\" href=\"#\">Top<\/a> <a class=\"printbtn\" href=\"javascript:window.print()\">Click to Print This Page<\/a><\/div>\n","protected":false},"excerpt":{"rendered":"<p>Leitbild: Um unserem Qualit\u00e4tsstandard jeden Tag gerecht zu werden, richtet sich unsere Arbeit stets nach den folgenden Punkten aus: Unser Ziel ist es, zufriedene Kunden zu gewinnen und zu erhalten durch bestm\u00f6gliche handwerkliche Ausf\u00fchrungen unserer Produkte. Wir produzieren und vertreiben hochwertige Gesundheitsprodukte und vermarkten unser eigenes Fussalis- Einlagenkonzept, das durch Weiterentwicklung immer auf dem neuesten [&hellip;]<\/p>\n","protected":false},"author":1,"featured_media":0,"parent":18,"menu_order":0,"comment_status":"open","ping_status":"closed","template":"page-template-left-nav.php","meta":[],"_links":{"self":[{"href":"https:\/\/www.orthopaedie-bluemel.de\/de\/wp-json\/wp\/v2\/pages\/320"}],"collection":[{"href":"https:\/\/www.orthopaedie-bluemel.de\/de\/wp-json\/wp\/v2\/pages"}],"about":[{"href":"https:\/\/www.orthopaedie-bluemel.de\/de\/wp-json\/wp\/v2\/types\/page"}],"author":[{"embeddable":true,"href":"https:\/\/www.orthopaedie-bluemel.de\/de\/wp-json\/wp\/v2\/users\/1"}],"replies":[{"embeddable":true,"href":"https:\/\/www.orthopaedie-bluemel.de\/de\/wp-json\/wp\/v2\/comments?post=320"}],"version-history":[{"count":6,"href":"https:\/\/www.orthopaedie-bluemel.de\/de\/wp-json\/wp\/v2\/pages\/320\/revisions"}],"predecessor-version":[{"id":704,"href":"https:\/\/www.orthopaedie-bluemel.de\/de\/wp-json\/wp\/v2\/pages\/320\/revisions\/704"}],"up":[{"embeddable":true,"href":"https:\/\/www.orthopaedie-bluemel.de\/de\/wp-json\/wp\/v2\/pages\/18"}],"wp:attachment":[{"href":"https:\/\/www.orthopaedie-bluemel.de\/de\/wp-json\/wp\/v2\/media?parent=320"}],"curies":[{"name":"wp","href":"https:\/\/api.w.org\/{rel}","templated":true}]}}