{"id":335,"date":"2012-07-09T12:15:14","date_gmt":"2012-07-09T10:15:14","guid":{"rendered":"http:\/\/orthopaedie-bluemel.de\/de\/?page_id=335"},"modified":"2023-07-14T12:34:41","modified_gmt":"2023-07-14T10:34:41","slug":"hallufix-grosszehenballen","status":"publish","type":"page","link":"https:\/\/www.orthopaedie-bluemel.de\/de\/produkte\/hallufix-grosszehenballen","title":{"rendered":"Hallufix\u00ae Gro\u00dfzehenballen"},"content":{"rendered":"<p><img decoding=\"async\" loading=\"lazy\" class=\"alignnone size-full wp-image-434\" title=\"logo_hallufix\" src=\"http:\/\/orthopaedie-bluemel.de\/de\/wp-content\/uploads\/logo_hallufix.jpg\" alt=\"\" width=\"670\" height=\"100\" srcset=\"https:\/\/www.orthopaedie-bluemel.de\/de\/wp-content\/uploads\/logo_hallufix.jpg 670w, https:\/\/www.orthopaedie-bluemel.de\/de\/wp-content\/uploads\/logo_hallufix-300x44.jpg 300w\" sizes=\"(max-width: 670px) 100vw, 670px\" \/><\/p>\n<div class=\"one_half\">\n<h4>Hallux Valgus Schiene<\/h4>\n<div class=\"img-frame small-half\"><div class=\"lightbox-zoom\"><a title=\"\" href=\"http:\/\/orthopaedie-bluemel.de\/de\/wp-content\/uploads\/Hallux_Valgus_Schiene.jpg\" data-gal=\"prettyPhoto\" class=\"hover-item\"><img width=\"300\" height=\"186\" alt=\"\" src=\"https:\/\/www.orthopaedie-bluemel.de\/de\/wp-content\/uploads\/Hallux_Valgus_Schiene-300x186.jpg\"><\/a><\/div><\/div>\n<p>Zur nachhaltigen Korrektur der Gro\u00dfzehenfehlstellung (Ballenzehen).<\/p>\n<p><strong>Das Problem:<\/strong><br \/>\nSchmerzhafte Ballenbildung<\/p>\n<p><strong>Die L\u00f6sung:<\/strong><br \/>\nHallux Valgus Schiene \u2026 und trotzdem mobil bleiben!<\/p>\n<p><strong>Besondere Vorteile:<\/strong><br \/>\nDie Schiene kann im Gegensatz zu herk\u00f6mmlichen, starren Nachtschienen auch tags\u00fcber, unter Belastung (beim Gehen), getragen werden.<\/p>\n<ul>\n<li>Die Schiene mit Zehenbandage korrigiert die Gro\u00dfzehenfehlstellung.<\/li>\n<li>Die Schiene mit Mittelfu\u00dfbandage richtet das Quergew\u00f6lbe auf und bringt die Mittelfu\u00dfknochen in optimale Position.<\/li>\n<li>Die Fu\u00dfbeweglichkeit bleibt durch das flexible Schienengelenk erhalten.<\/li>\n<li>Schmerzlinderung und Korrektur<\/li>\n<li>Vorbeugend und postoperativ<\/li>\n<\/ul>\n<p><strong>Preis:<\/strong><br \/>\nAuf Rezept mit Eigenanteil (Diag. Hallux Valgus)<br \/>\noder Privatrezept<br \/>\n<\/div>\n<div class=\"one_half\">\n<h4>Hallufix<sup>\u00ae<\/sup> softies Ballenschutz PLUS<\/h4>\n<div class=\"img-frame small-half\"><div class=\"lightbox-zoom\"><a title=\"\" href=\"http:\/\/orthopaedie-bluemel.de\/de\/wp-content\/uploads\/Ballenschutz_print.jpg\" data-gal=\"prettyPhoto\" class=\"hover-item\"><img width=\"300\" height=\"186\" alt=\"\" src=\"https:\/\/www.orthopaedie-bluemel.de\/de\/wp-content\/uploads\/Ballenschutz_print-300x186.jpg\"><\/a><\/div><\/div>\n<p>Hallufix<sup>\u00ae<\/sup> softies Ballenschutz PLUS mit Zehenspreizer<\/p>\n<p><strong>Anwendungsgebiet:<\/strong><br \/>\nHallux Valgus (Ballenzehen)<\/p>\n<p><strong>Wirkungsweise:<\/strong><br \/>\nDer empfindliche Ballen wird optimal vor Reibung im Schuh gesch\u00fctzt. Gleichzeitig wird die Gro\u00dfzehe vom 2. Zeh getrennt.<\/p>\n<p><strong>Preis:<\/strong><br \/>\nKassenrezept mit Eigenanteil<\/p>\n<p>oder Privatrezept<\/p>\n<\/div>\n<div class=\"hr hr-dotted-double\">&nbsp;<\/div>\n<div class=\"topofpage\"><a class=\"link-top\" href=\"#\">Top<\/a> <a class=\"printbtn\">Click to Print This Page<\/a><\/div>\n","protected":false},"excerpt":{"rendered":"<p>Top Click to Print This Page<\/p>\n","protected":false},"author":1,"featured_media":0,"parent":16,"menu_order":0,"comment_status":"open","ping_status":"closed","template":"page-template-left-nav.php","meta":[],"_links":{"self":[{"href":"https:\/\/www.orthopaedie-bluemel.de\/de\/wp-json\/wp\/v2\/pages\/335"}],"collection":[{"href":"https:\/\/www.orthopaedie-bluemel.de\/de\/wp-json\/wp\/v2\/pages"}],"about":[{"href":"https:\/\/www.orthopaedie-bluemel.de\/de\/wp-json\/wp\/v2\/types\/page"}],"author":[{"embeddable":true,"href":"https:\/\/www.orthopaedie-bluemel.de\/de\/wp-json\/wp\/v2\/users\/1"}],"replies":[{"embeddable":true,"href":"https:\/\/www.orthopaedie-bluemel.de\/de\/wp-json\/wp\/v2\/comments?post=335"}],"version-history":[{"count":38,"href":"https:\/\/www.orthopaedie-bluemel.de\/de\/wp-json\/wp\/v2\/pages\/335\/revisions"}],"predecessor-version":[{"id":1043,"href":"https:\/\/www.orthopaedie-bluemel.de\/de\/wp-json\/wp\/v2\/pages\/335\/revisions\/1043"}],"up":[{"embeddable":true,"href":"https:\/\/www.orthopaedie-bluemel.de\/de\/wp-json\/wp\/v2\/pages\/16"}],"wp:attachment":[{"href":"https:\/\/www.orthopaedie-bluemel.de\/de\/wp-json\/wp\/v2\/media?parent=335"}],"curies":[{"name":"wp","href":"https:\/\/api.w.org\/{rel}","templated":true}]}}