{"id":337,"date":"2012-07-09T12:15:56","date_gmt":"2012-07-09T10:15:56","guid":{"rendered":"http:\/\/orthopaedie-bluemel.de\/de\/?page_id=337"},"modified":"2023-07-14T12:32:21","modified_gmt":"2023-07-14T10:32:21","slug":"bauerfeind","status":"publish","type":"page","link":"https:\/\/www.orthopaedie-bluemel.de\/de\/produkte\/bauerfeind","title":{"rendered":"Bauerfeind\u00ae f\u00fcr Sport"},"content":{"rendered":"<p><img decoding=\"async\" loading=\"lazy\" class=\"alignnone size-full wp-image-436\" title=\"logo_bauerfeind\" src=\"http:\/\/orthopaedie-bluemel.de\/de\/wp-content\/uploads\/logo_bauerfeind.jpg\" alt=\"\" width=\"670\" height=\"100\" srcset=\"https:\/\/www.orthopaedie-bluemel.de\/de\/wp-content\/uploads\/logo_bauerfeind.jpg 670w, https:\/\/www.orthopaedie-bluemel.de\/de\/wp-content\/uploads\/logo_bauerfeind-300x44.jpg 300w\" sizes=\"(max-width: 670px) 100vw, 670px\" \/><\/p>\n<h3>Bauerfeind<sup>\u00ae<\/sup> TRI active<sup>\u00ae<\/sup>-Einlagen f\u00fcr Sport<\/h3>\n<h4>Die Schuheinlage f\u00fcr Freizeit und Sport.<\/h4>\n<p>Sportliche Bet\u00e4tigung ist gesund, fordert unseren K\u00f6rper jedoch in vielerlei Hinsicht. Bei zahlreichen Bewegungen wirken starke Kr\u00e4fte auf den Fu\u00df, die je nach Sportart variieren. H\u00e4ufig erm\u00fcden die F\u00fc\u00dfe schneller oder sind \u00fcberlastet und schmerzen.<\/p>\n<p>Viele Profi- und Freizeitsportler vertrauen auf spezielle Einlagen f\u00fcr Sportschuhe, die die F\u00fc\u00dfe gezielt entlasten, Beschwerden und Schmerzen lindern sowie Energie zur\u00fcckgeben.<\/p>\n<div class=\"one_third\">\n<h4>TRI active<sup>\u00ae<\/sup> <strong>walk<\/strong><\/h4>\n<div class=\"img-frame small-third\"><div class=\"lightbox-zoom\"><a title=\"\" href=\"http:\/\/orthopaedie-bluemel.de\/de\/wp-content\/uploads\/triactive_walk_product.jpg\" data-gal=\"prettyPhoto\" class=\"hover-item\"><img width=\"183\" height=\"120\" alt=\"\" src=\"https:\/\/www.orthopaedie-bluemel.de\/de\/wp-content\/uploads\/triactive_walk_product-183x120.jpg\"><\/a><\/div><\/div>\nTRI active<sup>\u00ae<\/sup> <strong>walk<\/strong> d\u00e4mpft komfortabel und f\u00f6rdert bei ausgedehnten Walking- und Trekkingtouren gesundes Laufen.<\/p>\n<p><strong>Preis:<\/strong><br \/>\nAuf Rezept mit Eigenanteil<br \/>\noder Privatrezept<br \/>\n<\/div>\n<div class=\"one_third\">\n<h4>TRI active<sup>\u00ae<\/sup> <strong>run<\/strong><\/h4>\n<div class=\"img-frame small-third\"><div class=\"lightbox-zoom\"><a title=\"\" href=\"http:\/\/orthopaedie-bluemel.de\/de\/wp-content\/uploads\/triactive_run_product.jpg\" data-gal=\"prettyPhoto\" class=\"hover-item\"><img width=\"183\" height=\"120\" alt=\"\" src=\"https:\/\/www.orthopaedie-bluemel.de\/de\/wp-content\/uploads\/triactive_run_product-183x120.jpg\"><\/a><\/div><\/div>\nTRI active<sup>\u00ae<\/sup> <strong>run<\/strong> schont Ihre F\u00fc\u00dfe und Gelenke bei den wiederkehrenden Belastungen w\u00e4hrend der Landung und beim Absto\u00dfen der F\u00fc\u00dfe.<\/p>\n<p><strong>Preis:<\/strong><br \/>\nAuf Rezept mit Eigenanteil<br \/>\noder Privatrezept<br \/>\n<\/div>\n<div class=\"one_third\">\n<h4>TRI active<sup>\u00ae<\/sup> <strong>play<\/strong><\/h4>\n<div class=\"img-frame small-third\"><div class=\"lightbox-zoom\"><a title=\"\" href=\"http:\/\/orthopaedie-bluemel.de\/de\/wp-content\/uploads\/triactive_play_product.jpg\" data-gal=\"prettyPhoto\" class=\"hover-item\"><img width=\"183\" height=\"120\" alt=\"\" src=\"https:\/\/www.orthopaedie-bluemel.de\/de\/wp-content\/uploads\/triactive_play_product-183x120.jpg\"><\/a><\/div><\/div>\nTRI active<sup>\u00ae<\/sup> <strong>play<\/strong> st\u00fctzt das Fu\u00dfl\u00e4ngs- und Quergew\u00f6lbe. Der bessere Halt im Sprunggelenk stabilisiert das Kniegelenk.<\/p>\n<p><strong>Preis:<\/strong><br \/>\nAuf Rezept mit Eigenanteil<br \/>\noder Privatrezept<br \/>\n<\/div>\n<div class=\"hr hr-dotted\">&nbsp;<\/div>\n<h4>Wahlweise mit OUTLAST oder Silberionenbezug<\/h4>\n<p>Der Mikrofaserbezug ist mit Silberionen versehen. Dadurch werden Bakterien und Pilze reduziert und Geruchsbildung verringert.<br \/>\nDer OUTLAST-Bezug verringert Temperaturschwankungen, sorgt so f\u00fcr einen Temperaturausgleich und hilft besonders bei kalten F\u00fc\u00dfen (Durchblutungsst\u00f6rungen).<\/p>\n<div class=\"hr hr-dotted-double\">&nbsp;<\/div>\n<div class=\"topofpage\"><a class=\"link-top\" href=\"#\">Top<\/a> <a class=\"printbtn\">Click to Print This Page<\/a><\/div>\n","protected":false},"excerpt":{"rendered":"<p>Bauerfeind\u00ae TRI active\u00ae-Einlagen f\u00fcr Sport Die Schuheinlage f\u00fcr Freizeit und Sport. Sportliche Bet\u00e4tigung ist gesund, fordert unseren K\u00f6rper jedoch in vielerlei Hinsicht. Bei zahlreichen Bewegungen wirken starke Kr\u00e4fte auf den Fu\u00df, die je nach Sportart variieren. H\u00e4ufig erm\u00fcden die F\u00fc\u00dfe schneller oder sind \u00fcberlastet und schmerzen. Viele Profi- und Freizeitsportler vertrauen auf spezielle Einlagen f\u00fcr [&hellip;]<\/p>\n","protected":false},"author":1,"featured_media":0,"parent":16,"menu_order":0,"comment_status":"open","ping_status":"closed","template":"page-template-left-nav.php","meta":[],"_links":{"self":[{"href":"https:\/\/www.orthopaedie-bluemel.de\/de\/wp-json\/wp\/v2\/pages\/337"}],"collection":[{"href":"https:\/\/www.orthopaedie-bluemel.de\/de\/wp-json\/wp\/v2\/pages"}],"about":[{"href":"https:\/\/www.orthopaedie-bluemel.de\/de\/wp-json\/wp\/v2\/types\/page"}],"author":[{"embeddable":true,"href":"https:\/\/www.orthopaedie-bluemel.de\/de\/wp-json\/wp\/v2\/users\/1"}],"replies":[{"embeddable":true,"href":"https:\/\/www.orthopaedie-bluemel.de\/de\/wp-json\/wp\/v2\/comments?post=337"}],"version-history":[{"count":45,"href":"https:\/\/www.orthopaedie-bluemel.de\/de\/wp-json\/wp\/v2\/pages\/337\/revisions"}],"predecessor-version":[{"id":1040,"href":"https:\/\/www.orthopaedie-bluemel.de\/de\/wp-json\/wp\/v2\/pages\/337\/revisions\/1040"}],"up":[{"embeddable":true,"href":"https:\/\/www.orthopaedie-bluemel.de\/de\/wp-json\/wp\/v2\/pages\/16"}],"wp:attachment":[{"href":"https:\/\/www.orthopaedie-bluemel.de\/de\/wp-json\/wp\/v2\/media?parent=337"}],"curies":[{"name":"wp","href":"https:\/\/api.w.org\/{rel}","templated":true}]}}