{"id":39,"date":"2012-06-26T14:06:19","date_gmt":"2012-06-26T12:06:19","guid":{"rendered":"http:\/\/localhost\/bluemel.de\/wordpress\/?page_id=39"},"modified":"2017-02-24T11:31:07","modified_gmt":"2017-02-24T09:31:07","slug":"kontakt","status":"publish","type":"page","link":"https:\/\/www.orthopaedie-bluemel.de\/de\/kontakt","title":{"rendered":"Kontakt"},"content":{"rendered":"<h3>Kontakt<\/h3>\n<p>Senden Sie uns Ihre Mitteilung und wir setzen uns umgehend mit Ihnen in Verbindung.<br \/>\nEgal ob Sie eine Frage, Anregungen oder Kritik haben, wir sind f\u00fcr Sie da.<\/p>\n<h4>Haus der Fu\u00dfgesundheit<br \/>\nPeter Bl\u00fcmel e.K.<\/h4>\n<p>Augustinerstr. 12<br \/>\n97070 W\u00fcrzburg<\/p>\n<p>Tel.: +49 (0) 931 \/ 53145<br \/>\nFax: +49 (0) 931 \/ 14672<br \/>\nE-Mail: <a href=\"mailto:orthopaedie.bluemel@t-online.de\">orthopaedie.bluemel@t-online.de<\/a><\/p>\n<p>So finden Sie uns: <a href=\"http:\/\/goo.gl\/maps\/XYdaG\" target=\"_blank\">zum Routenplaner &raquo;<\/a><\/p>\n<div class=\"hr hr-dotted-double\">&nbsp;<\/div>\n<div class=\"topofpage\"><a class=\"link-top\" href=\"#\">Top<\/a> <a class=\"printbtn\" href=\"window.print()\">Click to Print This Page<\/a><\/div>\n","protected":false},"excerpt":{"rendered":"<p>Kontakt Senden Sie uns Ihre Mitteilung und wir setzen uns umgehend mit Ihnen in Verbindung. Egal ob Sie eine Frage, Anregungen oder Kritik haben, wir sind f\u00fcr Sie da. Haus der Fu\u00dfgesundheit Peter Bl\u00fcmel e.K. Augustinerstr. 12 97070 W\u00fcrzburg Tel.: +49 (0) 931 \/ 53145 Fax: +49 (0) 931 \/ 14672 E-Mail: orthopaedie.bluemel@t-online.de So finden [&hellip;]<\/p>\n","protected":false},"author":1,"featured_media":0,"parent":0,"menu_order":0,"comment_status":"open","ping_status":"closed","template":"","meta":[],"_links":{"self":[{"href":"https:\/\/www.orthopaedie-bluemel.de\/de\/wp-json\/wp\/v2\/pages\/39"}],"collection":[{"href":"https:\/\/www.orthopaedie-bluemel.de\/de\/wp-json\/wp\/v2\/pages"}],"about":[{"href":"https:\/\/www.orthopaedie-bluemel.de\/de\/wp-json\/wp\/v2\/types\/page"}],"author":[{"embeddable":true,"href":"https:\/\/www.orthopaedie-bluemel.de\/de\/wp-json\/wp\/v2\/users\/1"}],"replies":[{"embeddable":true,"href":"https:\/\/www.orthopaedie-bluemel.de\/de\/wp-json\/wp\/v2\/comments?post=39"}],"version-history":[{"count":14,"href":"https:\/\/www.orthopaedie-bluemel.de\/de\/wp-json\/wp\/v2\/pages\/39\/revisions"}],"predecessor-version":[{"id":862,"href":"https:\/\/www.orthopaedie-bluemel.de\/de\/wp-json\/wp\/v2\/pages\/39\/revisions\/862"}],"wp:attachment":[{"href":"https:\/\/www.orthopaedie-bluemel.de\/de\/wp-json\/wp\/v2\/media?parent=39"}],"curies":[{"name":"wp","href":"https:\/\/api.w.org\/{rel}","templated":true}]}}