{"id":42,"date":"2012-06-26T14:07:15","date_gmt":"2012-06-26T12:07:15","guid":{"rendered":"http:\/\/localhost\/bluemel.de\/wordpress\/?page_id=42"},"modified":"2024-06-26T10:07:49","modified_gmt":"2024-06-26T08:07:49","slug":"impressum","status":"publish","type":"page","link":"https:\/\/www.orthopaedie-bluemel.de\/de\/impressum","title":{"rendered":"Impressum"},"content":{"rendered":"<h4>Haus der Fu\u00dfgesundheit<br \/>\nPeter Bl\u00fcmel e.K.<\/h4>\n<p>Augustinerstr. 12<br \/>\n97070 W\u00fcrzburg<\/p>\n<p><strong>Kontakt:<\/strong><br \/>\nTelefon: 0931\/53145<br \/>\nTelefax: 0931\/14672<br \/>\nE-Mail: <a href=\"mailto:orthopaedie.bluemel@t-online.de\">orthopaedie.bluemel@t-online.de<\/a><\/p>\n<h3>Vertreten durch:<\/h3>\n<p>Inhaber Peter Bl\u00fcmel<\/p>\n<p><strong>Registereintrag:<\/strong><br \/>\nRegistergericht: Amtsgericht W\u00fcrzburg<br \/>\nRegisternummer: HRN 4688<\/p>\n<h3>Umsatzsteuer-Identifikationsnummer gem\u00e4\u00df \u00a727 a Umsatzsteuergesetz:<\/h3>\n<p>DE 198232862<\/p>\n<h3>Angaben zur Berufshaftpflichtversicherung<\/h3>\n<p>Name und Sitz des Versicherers:<br \/>\nHelvetia Versicherungen<br \/>\nBerliner Str. 56-58<br \/>\n60311 Frankfurt am Main<\/p>\n<p>Geltungsraum der Versicherung: Deutschland<\/p>\n<h3>Berufsbezeichnung und berufsrechtliche Regelungen<\/h3>\n<p>Berufsbezeichnung: Orthop\u00e4dieschuhmachermeister<br \/>\nZust\u00e4ndige Kammer: Handwerkskammer f\u00fcr Unterfranken<br \/>\nVerliehen in: Deutschland<br \/>\nEs gelten folgende berufsrechtliche Regelungen:<br \/>\nRegelungen einsehbar unter: <a href=\"https:\/\/www.hwk-ufr.de\/\" target=\"_blank\" rel=\"noopener\">www.hwk-ufr.de<\/a><\/p>\n<h3>Aufsichtsbeh\u00f6rde:<\/h3>\n<p>Handwerkskammer f\u00fcr Unterfranken<br \/>\nRennweger Ring 3<br \/>\n97070 W\u00fcrzburg<br \/>\nBetriebsnummer: 1315487<br \/>\n<a href=\"https:\/\/www.hwk-ufr.de\/\" target=\"_blank\" rel=\"noopener\">www.hwk-ufr.de<\/a><\/p>\n<h3>Hinweis nach \u00a7 36 Verbraucherstreitbeilegungsgesetz (VSBG):<\/h3>\n<p>Die Europ\u00e4ische Kommission stellt eine Plattform zur Online-Streitbeilegung (OS) bereit: <a href=\"https:\/\/ec.europa.eu\/consumers\/odr\" target=\"_blank\" rel=\"noopener\">https:\/\/ec.europa.eu\/consumers\/odr<\/a>.<br \/>\nUnsere E-Mail-Adresse finden Sie oben im Impressum.<\/p>\n<p>Wir, Haus der Fu\u00dfgesundheit Peter Bl\u00fcmel e.K., werden nicht in einem Streitbeilegungsverfahren vor einer Verbraucherschlichtungsstelle im Sinne des VSBG teilnehmen und sind dazu auch nicht verpflichtet.<\/p>\n<h3>Gerichtsstand:<\/h3>\n<p>Amtsgericht W\u00fcrzburg<br \/>\nOttostra\u00dfe 5<br \/>\n97070 W\u00fcrzburg<\/p>\n<p><strong>Innung:<\/strong><br \/>\nLandesinnung Bayern f\u00fcr Orthop\u00e4die-Schuhtechnik<br \/>\nUngsteiner Str. 27<br \/>\n81539 M\u00fcnchen<\/p>\n<p>IK-Nummer: 340 960 046 \/ 330 961719<\/p>\n<p><strong>Quellenangaben f\u00fcr die verwendeten Bilder:<\/strong><\/p>\n<p>Familienbild \u00a9 Andres Rodriguez &#8211; Fotolia<br \/>\nF\u00fc\u00dfe in H\u00e4ngematte \u00a9 Anatoly Tiplyashin<br \/>\nBauerfeind Sport \u00a9 Bauerfeind AG<br \/>\nHallufix \u00a9 Hallufix<br \/>\nFussalis\u00ae f\u00fcr Pumps und Ballerinas \u00a9 Bauerfeind AG<\/p>\n<div class=\"hr hr-dotted-double\">&nbsp;<\/div>\n<div class=\"topofpage\"><a class=\"link-top\" href=\"#\">Top<\/a> <a class=\"printbtn\" href=\"window.print()\">Click to Print This Page<\/a><\/div>\n","protected":false},"excerpt":{"rendered":"<p>Haus der Fu\u00dfgesundheit Peter Bl\u00fcmel e.K. Augustinerstr. 12 97070 W\u00fcrzburg Kontakt: Telefon: 0931\/53145 Telefax: 0931\/14672 E-Mail: orthopaedie.bluemel@t-online.de Vertreten durch: Inhaber Peter Bl\u00fcmel Registereintrag: Registergericht: Amtsgericht W\u00fcrzburg Registernummer: HRN 4688 Umsatzsteuer-Identifikationsnummer gem\u00e4\u00df \u00a727 a Umsatzsteuergesetz: DE 198232862 Angaben zur Berufshaftpflichtversicherung Name und Sitz des Versicherers: Helvetia Versicherungen Berliner Str. 56-58 60311 Frankfurt am Main Geltungsraum der [&hellip;]<\/p>\n","protected":false},"author":1,"featured_media":0,"parent":0,"menu_order":11,"comment_status":"open","ping_status":"closed","template":"","meta":[],"_links":{"self":[{"href":"https:\/\/www.orthopaedie-bluemel.de\/de\/wp-json\/wp\/v2\/pages\/42"}],"collection":[{"href":"https:\/\/www.orthopaedie-bluemel.de\/de\/wp-json\/wp\/v2\/pages"}],"about":[{"href":"https:\/\/www.orthopaedie-bluemel.de\/de\/wp-json\/wp\/v2\/types\/page"}],"author":[{"embeddable":true,"href":"https:\/\/www.orthopaedie-bluemel.de\/de\/wp-json\/wp\/v2\/users\/1"}],"replies":[{"embeddable":true,"href":"https:\/\/www.orthopaedie-bluemel.de\/de\/wp-json\/wp\/v2\/comments?post=42"}],"version-history":[{"count":37,"href":"https:\/\/www.orthopaedie-bluemel.de\/de\/wp-json\/wp\/v2\/pages\/42\/revisions"}],"predecessor-version":[{"id":1073,"href":"https:\/\/www.orthopaedie-bluemel.de\/de\/wp-json\/wp\/v2\/pages\/42\/revisions\/1073"}],"wp:attachment":[{"href":"https:\/\/www.orthopaedie-bluemel.de\/de\/wp-json\/wp\/v2\/media?parent=42"}],"curies":[{"name":"wp","href":"https:\/\/api.w.org\/{rel}","templated":true}]}}