{"id":52,"date":"2012-06-26T14:09:00","date_gmt":"2012-06-26T12:09:00","guid":{"rendered":"http:\/\/localhost\/bluemel.de\/wordpress\/?page_id=52"},"modified":"2017-02-24T12:31:25","modified_gmt":"2017-02-24T10:31:25","slug":"einlagen-bezuge","status":"publish","type":"page","link":"https:\/\/www.orthopaedie-bluemel.de\/de\/einlagenkonzept\/einlagen-bezuge","title":{"rendered":"Einlagenbez\u00fcge"},"content":{"rendered":"<h3>Wenn Innovation Ihre Einlagen bezieht&#8230;<\/h3>\n<div class=\"one_half\">\n<h4>Silberionen-Stoffbezug<\/h4>\n<div class=\"img-frame small-half\"><div class=\"lightbox-zoom\"><a title=\"\" href=\"http:\/\/orthopaedie-bluemel.de\/de\/wp-content\/uploads\/silberionen_stoffbezug1.jpg\" data-gal=\"prettyPhoto\" class=\"hover-item\"><img width=\"300\" height=\"186\" alt=\"\" src=\"https:\/\/www.orthopaedie-bluemel.de\/de\/wp-content\/themes\/sterling\/framework\/extended\/timthumb\/timthumb.php?src=http:\/\/orthopaedie-bluemel.de\/de\/wp-content\/uploads\/silberionen_stoffbezug1.jpg&#038;h=186&#038;w=300\"><\/a><\/div><\/div>\nDurch den Einsatz von Silber schon bei der Garnherstellung gelingt es, eine dauerhafte antibakterielle Wirkung zu erzielen, die im Laufe der gesamten Tragedauer ihre Wirkung beibeh\u00e4lt. Eine neue Dimension der Hygiene im Schuh ist damit erreicht. Dies ist besonders interessant bei allen die Haut beeinflussenden Krankheitsbildern.<\/p>\n<h5>Die Vorteile des Silberionen-Stoffbezugs<\/h5>\n<ul>\n<li>Antibakterielle Wirkung<\/li>\n<li>Geruchshemmende Wirkung<\/li>\n<li>Antistatisch<\/li>\n<li>Hautfreundlich<\/li>\n<li>Schadstoffgepr\u00fcftes Material<\/li>\n<\/ul>\n<\/div>\n<div class=\"one_half\">\n<h4>Outlast-Einlagendecke<\/h4>\n<div class=\"img-frame small-half\"><div class=\"lightbox-zoom\"><a title=\"\" href=\"http:\/\/orthopaedie-bluemel.de\/de\/wp-content\/uploads\/outlast-einlagendecke1.jpg\" data-gal=\"prettyPhoto\" class=\"hover-item\"><img width=\"300\" height=\"186\" alt=\"\" src=\"https:\/\/www.orthopaedie-bluemel.de\/de\/wp-content\/uploads\/outlast-einlagendecke1-300x186.jpg\"><\/a><\/div><\/div>\nDie OUTLAST-Technologie wurde urspr\u00fcnglich f\u00fcr die NASA entwickelt, um Astronauten effektiv vor Temperaturschwankungen zu sch\u00fctzen. Diese einzigartige Technologie findet nun auch Anwendung in der individuellen Einlagenversorgung. Dabei nehmen die Einlagenbez\u00fcge \u00fcbersch\u00fcssige W\u00e4rme auf und geben diese bei entsprechender Abk\u00fchlung wieder ab.<\/p>\n<h5>Die Vorteile der OUTLAST-Technologie<\/h5>\n<ul>\n<li>Weniger schwitzen<\/li>\n<li>Weniger frieren<\/li>\n<li>Ausgeglichenes Mikroklima<\/li>\n<li>Bei Durchblutungsst\u00f6rungen (kalten F\u00fc\u00dfen)<\/li>\n<\/ul>\n<\/div>\n<div class=\"hr hr-dotted-double\">&nbsp;<\/div>\n<div class=\"one_half\">\n<h4>Rindslederbezug (gelocht)<\/h4>\n<div class=\"img-frame small-half\"><div class=\"lightbox-zoom\"><a title=\"\" href=\"http:\/\/orthopaedie-bluemel.de\/de\/wp-content\/uploads\/rindsleder_einlagenbezug1.jpg\" data-gal=\"prettyPhoto\" class=\"hover-item\"><img width=\"300\" height=\"186\" alt=\"\" src=\"https:\/\/www.orthopaedie-bluemel.de\/de\/wp-content\/uploads\/rindsleder_einlagenbezug1-300x186.jpg\"><\/a><\/div><\/div>\nSehr sch\u00f6nes, z\u00fcgiges und leichtes Rindsleder, in warmer, modischer Optik!<\/p>\n<h5>Die Vorteile des Rindslederbezugs<\/h5>\n<ul>\n<li>Naturprodukt<\/li>\n<li>Atmungsaktiv<\/li>\n<li>Hautfreundlich<\/li>\n<li>Langlebig<\/li>\n<\/ul>\n<\/div>\n<div class=\"one_half\">\n<h4>Korkbezug<\/h4>\n<div class=\"img-frame small-half\"><div class=\"lightbox-zoom\"><a title=\"\" href=\"http:\/\/orthopaedie-bluemel.de\/de\/wp-content\/uploads\/korkbezug2.jpg\" data-gal=\"prettyPhoto\" class=\"hover-item\"><img width=\"300\" height=\"186\" alt=\"\" src=\"https:\/\/www.orthopaedie-bluemel.de\/de\/wp-content\/uploads\/korkbezug2-300x186.jpg\"><\/a><\/div><\/div>\nDas atmungsaktive, saugf\u00e4hige und geruchsneutrale Obermaterial ist besonders strapazierf\u00e4hig, leicht zu pflegen und hochaufnahmef\u00e4hig f\u00fcr Fu\u00dffeuchtigkeit. Es sorgt f\u00fcr Hygiene und Frische in den Schuhen. Fu\u00dfbrennen, Fu\u00dfschwei\u00df und Fu\u00dfgeruch werden stark gemindert! Die nat\u00fcrlichen D\u00e4mpfungseigenschaften f\u00f6rdern gutes Gehen.<\/p>\n<h5>Die Vorteile des naturbelassenen Korkbezugs:<\/h5>\n<ul>\n<li>Atmungsaktiv<\/li>\n<li>Obermaterial geruchsneutral<\/li>\n<li>Besonders strapazierf\u00e4hig<\/li>\n<li>Gegen Fu\u00dfschwei\u00df<\/li>\n<li>Saugf\u00e4hig<\/li>\n<li>D\u00e4mpfend<\/li>\n<\/ul>\n<\/div>\n<div class=\"hr hr-dotted-double\">&nbsp;<\/div>\n<div class=\"one_half\">\n<h4>Neoprenbezug<\/h4>\n<div class=\"img-frame small-half\"><div class=\"lightbox-zoom\"><a title=\"\" href=\"http:\/\/orthopaedie-bluemel.de\/de\/wp-content\/uploads\/neopren_einlagenbezug1.jpg\" data-gal=\"prettyPhoto\" class=\"hover-item\"><img width=\"300\" height=\"186\" alt=\"\" src=\"https:\/\/www.orthopaedie-bluemel.de\/de\/wp-content\/themes\/sterling\/framework\/extended\/timthumb\/timthumb.php?src=http:\/\/orthopaedie-bluemel.de\/de\/wp-content\/uploads\/neopren_einlagenbezug1.jpg&#038;h=186&#038;w=300\"><\/a><\/div><\/div>\nNeopren hat hervorragende Isolationseigenschaften und eine angenehme Hautvertr\u00e4glichkeit.<\/p>\n<h5>Die Vorteile des Neoprenbezugs<\/h5>\n<ul>\n<li>Sto\u00dfd\u00e4mpfend<\/li>\n<li>Isolierend<\/li>\n<\/ul>\n<\/div>\n<div class=\"hr hr-dotted-double\">&nbsp;<\/div>\n<div class=\"topofpage\"><a class=\"link-top\" href=\"#\">Top<\/a> <a class=\"printbtn\" href=\"javascript:window.print()\">Click to Print This Page<\/a><\/div>\n","protected":false},"excerpt":{"rendered":"<p>Wenn Innovation Ihre Einlagen bezieht&#8230; Top Click to Print This Page<\/p>\n","protected":false},"author":1,"featured_media":0,"parent":14,"menu_order":3,"comment_status":"open","ping_status":"closed","template":"page-template-left-nav.php","meta":[],"_links":{"self":[{"href":"https:\/\/www.orthopaedie-bluemel.de\/de\/wp-json\/wp\/v2\/pages\/52"}],"collection":[{"href":"https:\/\/www.orthopaedie-bluemel.de\/de\/wp-json\/wp\/v2\/pages"}],"about":[{"href":"https:\/\/www.orthopaedie-bluemel.de\/de\/wp-json\/wp\/v2\/types\/page"}],"author":[{"embeddable":true,"href":"https:\/\/www.orthopaedie-bluemel.de\/de\/wp-json\/wp\/v2\/users\/1"}],"replies":[{"embeddable":true,"href":"https:\/\/www.orthopaedie-bluemel.de\/de\/wp-json\/wp\/v2\/comments?post=52"}],"version-history":[{"count":57,"href":"https:\/\/www.orthopaedie-bluemel.de\/de\/wp-json\/wp\/v2\/pages\/52\/revisions"}],"predecessor-version":[{"id":871,"href":"https:\/\/www.orthopaedie-bluemel.de\/de\/wp-json\/wp\/v2\/pages\/52\/revisions\/871"}],"up":[{"embeddable":true,"href":"https:\/\/www.orthopaedie-bluemel.de\/de\/wp-json\/wp\/v2\/pages\/14"}],"wp:attachment":[{"href":"https:\/\/www.orthopaedie-bluemel.de\/de\/wp-json\/wp\/v2\/media?parent=52"}],"curies":[{"name":"wp","href":"https:\/\/api.w.org\/{rel}","templated":true}]}}